{"id":19274,"date":"2020-02-18T11:31:43","date_gmt":"2020-02-18T11:31:43","guid":{"rendered":"http:\/\/coopcasa.org\/inicia\/"},"modified":"2026-05-11T05:51:07","modified_gmt":"2026-05-11T05:51:07","slug":"inicia","status":"publish","type":"page","link":"https:\/\/coopcasa.org\/es\/","title":{"rendered":"Inicia"},"content":{"rendered":"\t\t<div data-elementor-type=\"wp-page\" data-elementor-id=\"19274\" class=\"elementor elementor-19274 elementor-17972\">\n\t\t\t\t<div class=\"elementor-element elementor-element-215aac4 e-con-full e-flex e-con e-parent\" data-id=\"215aac4\" data-element_type=\"container\" data-e-type=\"container\" data-settings=\"{&quot;background_background&quot;:&quot;classic&quot;}\">\n\t\t<div class=\"elementor-element elementor-element-18368da e-flex e-con-boxed e-con e-child\" data-id=\"18368da\" data-element_type=\"container\" data-e-type=\"container\">\n\t\t\t\t\t<div class=\"e-con-inner\">\n\t\t<div class=\"elementor-element elementor-element-0f19ce5 e-grid e-con-full e-con e-child\" data-id=\"0f19ce5\" data-element_type=\"container\" data-e-type=\"container\" data-settings=\"{&quot;background_background&quot;:&quot;classic&quot;}\">\n\t\t\t\t\t\t\t<h2 \n\t\tdata-interaction-id=\"c3533c7\" \n\t\tclass=\"e-c3533c7-487ed19 e-heading-base\" \n\t\t \n\t\t\n\t>\n\t\n\t\t\tBienvenido a Co-op Casa\n\t\t<\/h2>\n\t\t\t\t\t\t\t\t<p class=\"e-dd1d7ee-e162d55 e-paragraph-base\" data-interaction-id=\"dd1d7ee\"  >\n\t\t\t\t\t\t\t\t<em>Viviendas al alcance de la gente en los vecindarios donde sue\u00f1an vivir<\/em>\n\t\t\t\t\t<\/p>\n\t\t\t\t<\/div>\n\t\t\t\t\t<\/div>\n\t\t\t\t<\/div>\n\t\t\t\t<\/div>\n\t\t\t\t<div class=\"elementor-element elementor-element-ac27d69 e-con e-atomic-element e-flexbox-base e-ac27d69-84b17c0\" data-id=\"ac27d69\" data-element_type=\"e-flexbox\" data-e-type=\"e-flexbox\" data-interaction-id=\"ac27d69\">\n\t\t\t\t\t\t\t<h2 \n\t\tdata-interaction-id=\"0dfba46\" \n\t\tclass=\"e-0dfba46-2260936 e-heading-base\" \n\t\t \n\t\t\n\t>\n\t\n\t\t\t<strong id=\"e-mot67rol-c6z1g3c\">\u00a1Excelentes lugares para vivir!<\/strong>\n\t\t<\/h2>\n\t\t\t\t<\/div>\n\t\t<div class=\"elementor-element elementor-element-e5d3141 e-con-full e-flex e-con e-parent\" data-id=\"e5d3141\" data-element_type=\"container\" data-e-type=\"container\">\n\t\t<div class=\"elementor-element elementor-element-8d32c34 e-con-full e-flex e-con e-child\" data-id=\"8d32c34\" data-element_type=\"container\" data-e-type=\"container\">\n\t\t\t\t\t\t\t<h3 \n\t\tdata-interaction-id=\"0b74fc1\" \n\t\tclass=\"e-0b74fc1-c785cf6 e-heading-base\" \n\t\t \n\t\t\n\t>\n\t\n\t\t\t<strong id=\"e-mot04tba-f955tb1\"><em id=\"e-mot04tba-at52jul\">Barrios deseables<\/em><\/strong>\n\t\t<\/h3>\n\t\t\t\t\t\t\t\n\t\t\t<img class=\"e-image-base e-43d12c9-e9acf32\" \n\t\t\t\t\tdata-interaction-id=\"43d12c9\" \n\t\t \n\t\t \n\t\t\t\t\t\t\t\t\tid=\"19276\"\n\t\t\t\t\t\t\t\t\t\t\t\tsrc=\"https:\/\/coopcasa.org\/wp-content\/uploads\/2026\/05\/desirable_neighborhoods-2.jpg\"\n\t\t\t\t\t\t\t\t\t\t\t\twidth=\"1584\"\n\t\t\t\t\t\t\t\t\t\t\t\theight=\"672\"\n\t\t\t\t\t\t\t\t\t\t\t\tsrcset=\"https:\/\/coopcasa.org\/wp-content\/uploads\/2026\/05\/desirable_neighborhoods-2.jpg 1584w, https:\/\/coopcasa.org\/wp-content\/uploads\/2026\/05\/desirable_neighborhoods-2-1536x652.jpg 1536w\"\n\t\t\t\t\t\t\t\t\t\t\t\talt=\"\"\n\t\t\t\t\t\t\/>\n\t\t\t\t\t\t\t\t\t<p class=\"e-bd0ea11-4f3b759 e-paragraph-base\" data-interaction-id=\"bd0ea11\"  >\n\t\t\t\t\t\t\t\tCo-op Casa se centra en barrios c\u00e9ntricos de Tucson que son transitables a pie, cercanos a empleos, transporte p\u00fablico, escuelas y servicios. Barrios como Five Points, West University, Dunbar Spring y Menlo Park.\n\t\t\t\t\t<\/p>\n\t\t\t\t<\/div>\n\t\t<div class=\"elementor-element elementor-element-f9117eb e-con-full e-flex e-con e-child\" data-id=\"f9117eb\" data-element_type=\"container\" data-e-type=\"container\">\n\t\t\t\t\t\t\t<h3 \n\t\tdata-interaction-id=\"def3014\" \n\t\tclass=\"e-def3014-5f8377f e-heading-base\" \n\t\t \n\t\t\n\t>\n\t\n\t\t\t<strong id=\"e-mot04xyt-49ynnpc\"><em id=\"e-mot04xyu-tj0tzng\">Grandes viviendas<\/em><\/strong>\n\t\t<\/h3>\n\t\t\t\t\t\t\t\n\t\t\t<img class=\"e-image-base e-5a03769-2c5fe04\" \n\t\t\t\t\tdata-interaction-id=\"5a03769\" \n\t\t \n\t\t \n\t\t\t\t\t\t\t\t\tid=\"19277\"\n\t\t\t\t\t\t\t\t\t\t\t\tsrc=\"https:\/\/coopcasa.org\/wp-content\/uploads\/2026\/05\/cropped_great_homes-1.png\"\n\t\t\t\t\t\t\t\t\t\t\t\twidth=\"1312\"\n\t\t\t\t\t\t\t\t\t\t\t\theight=\"657\"\n\t\t\t\t\t\t\t\t\t\t\t\tsrcset=\"\"\n\t\t\t\t\t\t\t\t\t\t\t\talt=\"\"\n\t\t\t\t\t\t\/>\n\t\t\t\t\t\t\t\t\t<p class=\"e-5dfeffc-8f74ac0 e-paragraph-base\" data-interaction-id=\"5dfeffc\"  >\n\t\t\t\t\t\t\t\tCada vivienda de Co-op Casa es una unidad esquinera, con ventanas en varios lados, abundante luz natural, excelente calidad del aire interior y un excelente aislamiento ac\u00fastico.\n\t\t\t\t\t<\/p>\n\t\t\t\t<\/div>\n\t\t<div class=\"elementor-element elementor-element-0448bdb e-con-full e-flex e-con e-child\" data-id=\"0448bdb\" data-element_type=\"container\" data-e-type=\"container\">\n\t\t\t\t\t\t\t<h3 \n\t\tdata-interaction-id=\"fc7e883\" \n\t\tclass=\"e-fc7e883-46bbfc4 e-heading-base\" \n\t\t \n\t\t\n\t>\n\t\n\t\t\t<strong id=\"e-mot0505d-60ubgia\"><em id=\"e-mot0505d-ityabu6\">Patios acogedores<\/em><\/strong>\n\t\t<\/h3>\n\t\t\t\t\t\t\t\n\t\t\t<img class=\"e-image-base e-45b7619-25e37b8\" \n\t\t\t\t\tdata-interaction-id=\"45b7619\" \n\t\t \n\t\t \n\t\t\t\t\t\t\t\t\tid=\"19278\"\n\t\t\t\t\t\t\t\t\t\t\t\tsrc=\"https:\/\/coopcasa.org\/wp-content\/uploads\/2026\/05\/new_inviting_courtyard-1.jpg\"\n\t\t\t\t\t\t\t\t\t\t\t\twidth=\"1024\"\n\t\t\t\t\t\t\t\t\t\t\t\theight=\"434\"\n\t\t\t\t\t\t\t\t\t\t\t\tsrcset=\"\"\n\t\t\t\t\t\t\t\t\t\t\t\talt=\"\"\n\t\t\t\t\t\t\/>\n\t\t\t\t\t\t\t\t\t<p class=\"e-f0ba1ba-1451c7f e-paragraph-base\" data-interaction-id=\"f0ba1ba\"  >\n\t\t\t\t\t\t\t\tCada vivienda da a un patio central compartido, sombreado por \u00e1rboles aut\u00f3ctonos y ramadas. Regados por cuencas de agua de lluvia, los patios privados conectan cada vivienda con el espacio com\u00fan.\n\t\t\t\t\t<\/p>\n\t\t\t\t<\/div>\n\t\t<div class=\"elementor-element elementor-element-5e941c8 e-con-full e-flex e-con e-child\" data-id=\"5e941c8\" data-element_type=\"container\" data-e-type=\"container\">\n\t\t\t\t\t\t\t<h3 \n\t\tdata-interaction-id=\"af991fe\" \n\t\tclass=\"e-af991fe-8312213 e-heading-base\" \n\t\t \n\t\t\n\t>\n\t\n\t\t\t<strong id=\"e-mot052u4-ptfy08w\"><em id=\"e-mot052u4-6ftzkq6\">Construcci\u00f3n de calidad<\/em><\/strong>\n\t\t<\/h3>\n\t\t\t\t\t\t\t\n\t\t\t<img class=\"e-image-base e-d3bc6af-7b23150\" \n\t\t\t\t\tdata-interaction-id=\"d3bc6af\" \n\t\t \n\t\t \n\t\t\t\t\t\t\t\t\tid=\"19279\"\n\t\t\t\t\t\t\t\t\t\t\t\tsrc=\"https:\/\/coopcasa.org\/wp-content\/uploads\/2026\/05\/new_quality-construction-1.jpg\"\n\t\t\t\t\t\t\t\t\t\t\t\twidth=\"1024\"\n\t\t\t\t\t\t\t\t\t\t\t\theight=\"589\"\n\t\t\t\t\t\t\t\t\t\t\t\tsrcset=\"\"\n\t\t\t\t\t\t\t\t\t\t\t\talt=\"\"\n\t\t\t\t\t\t\/>\n\t\t\t\t\t\t\t\t\t<p class=\"e-053f74b-6a3c441 e-paragraph-base\" data-interaction-id=\"053f74b\"  >\n\t\t\t\t\t\t\t\tConstruido seg\u00fan los est\u00e1ndares Passivhaus para una eficiencia energ\u00e9tica extrema. Dise\u00f1ado para durar 200 a\u00f1os, cuenta con energ\u00eda solar in situ, almacenamiento de bater\u00eda y recogida de agua de lluvia.\n\t\t\t\t\t<\/p>\n\t\t\t\t<\/div>\n\t\t<div class=\"elementor-element elementor-element-8b13e6d e-con-full e-flex e-con e-child\" data-id=\"8b13e6d\" data-element_type=\"container\" data-e-type=\"container\">\n\t\t\t\t\t\t\t<h3 \n\t\tdata-interaction-id=\"e1b4004\" \n\t\tclass=\"e-e1b4004-27e3d2d e-heading-base\" \n\t\t \n\t\t\n\t>\n\t\n\t\t\t<strong><em>Cerca de los corredores de transporte p\u00fablico<\/em><\/strong>\n\t\t<\/h3>\n\t\t\t\t\t\t\t\n\t\t\t<img class=\"e-image-base e-fd2e1f2-5acebbf\" \n\t\t\t\t\tdata-interaction-id=\"fd2e1f2\" \n\t\t \n\t\t \n\t\t\t\t\t\t\t\t\tid=\"19280\"\n\t\t\t\t\t\t\t\t\t\t\t\tsrc=\"https:\/\/coopcasa.org\/wp-content\/uploads\/2026\/05\/transit_corridors-1.jpg\"\n\t\t\t\t\t\t\t\t\t\t\t\twidth=\"1312\"\n\t\t\t\t\t\t\t\t\t\t\t\theight=\"816\"\n\t\t\t\t\t\t\t\t\t\t\t\tsrcset=\"\"\n\t\t\t\t\t\t\t\t\t\t\t\talt=\"\"\n\t\t\t\t\t\t\/>\n\t\t\t\t\t\t\t\t\t<p class=\"e-40734fc-49819ff e-paragraph-base\" data-interaction-id=\"40734fc\"  >\n\t\t\t\t\t\t\t\tLas ubicaciones de Co-op Casa se seleccionan para apoyar un estilo de vida centrado en la comunidad en lugar de uno centrado en el autom\u00f3vil. Cerca de opciones de transporte p\u00fablico y centros de empleo para que puedas prescindir del coche si te conviene.\n\t\t\t\t\t<\/p>\n\t\t\t\t<\/div>\n\t\t<div class=\"elementor-element elementor-element-52d5b65 e-con-full e-flex e-con e-child\" data-id=\"52d5b65\" data-element_type=\"container\" data-e-type=\"container\">\n\t\t\t\t\t\t\t<h3 \n\t\tdata-interaction-id=\"44bf9ba\" \n\t\tclass=\"e-44bf9ba-72e58c4 e-heading-base\" \n\t\t \n\t\t\n\t>\n\t\n\t\t\t<strong id=\"e-mot0559w-16pcj82\"><em id=\"e-mot0559w-q7vuxde\">La gente y la tierra<\/em><\/strong>\n\t\t<\/h3>\n\t\t\t\t\t\t\t\n\t\t\t<img class=\"e-image-base e-31cd318-79e1305\" \n\t\t\t\t\tdata-interaction-id=\"31cd318\" \n\t\t \n\t\t \n\t\t\t\t\t\t\t\t\tid=\"19281\"\n\t\t\t\t\t\t\t\t\t\t\t\tsrc=\"https:\/\/coopcasa.org\/wp-content\/uploads\/2026\/05\/new_people_land-1.jpg\"\n\t\t\t\t\t\t\t\t\t\t\t\twidth=\"1312\"\n\t\t\t\t\t\t\t\t\t\t\t\theight=\"816\"\n\t\t\t\t\t\t\t\t\t\t\t\tsrcset=\"\"\n\t\t\t\t\t\t\t\t\t\t\t\talt=\"\"\n\t\t\t\t\t\t\/>\n\t\t\t\t\t\t\t\t\t<p class=\"e-ce6769f-6134d5b e-paragraph-base\" data-interaction-id=\"ce6769f\"  >\n\t\t\t\t\t\t\t\tNos comprometemos a honrar este lugar: su gente, pasada y presente, sus plantas y su historia. Arraigados aqu\u00ed mucho antes que nosotros y continuando mucho despu\u00e9s.\n\t\t\t\t\t<\/p>\n\t\t\t\t<\/div>\n\t\t\t\t<\/div>\n\t\t<div class=\"elementor-element elementor-element-49aac7c e-flex e-con-boxed e-con e-parent\" data-id=\"49aac7c\" data-element_type=\"container\" data-e-type=\"container\">\n\t\t\t\t\t<div class=\"e-con-inner\">\n\t\t<div class=\"elementor-element elementor-element-f0d260f e-grid e-con-full e-con e-child\" data-id=\"f0d260f\" data-element_type=\"container\" data-e-type=\"container\">\n\t\t\t\t\t    \t            <a\n            href=\"https:\/\/coopcasa.org\/es\/tus-ahorros\/\" target=\"_self\"\n            class=\"e-64a092e-31088a2 e-button-base\"\n            data-interaction-id=\"64a092e\"\n             \n        >\n            Siguiente: \u00a1Tus ahorros!\n        <\/a>\n    \t\t\t\t<\/div>\n\t\t\t\t\t<\/div>\n\t\t\t\t<\/div>\n\t\t\t\t<\/div>\n\t\t","protected":false},"excerpt":{"rendered":"<p>Bienvenido a Co-op Casa Viviendas al alcance de la gente en los vecindarios donde sue\u00f1an vivir \u00a1Excelentes lugares para vivir! Barrios deseables Co-op Casa se centra en barrios c\u00e9ntricos de Tucson que son transitables a pie, cercanos a empleos, transporte p\u00fablico, escuelas y servicios. Barrios como Five Points, West University, Dunbar Spring y Menlo Park. [&hellip;]<\/p>\n","protected":false},"author":1,"featured_media":0,"parent":0,"menu_order":0,"comment_status":"closed","ping_status":"closed","template":"template\/template-homepage.php","meta":{"footnotes":""},"folder":[],"class_list":["post-19274","page","type-page","status-publish","hentry"],"_links":{"self":[{"href":"https:\/\/coopcasa.org\/es\/wp-json\/wp\/v2\/pages\/19274","targetHints":{"allow":["GET"]}}],"collection":[{"href":"https:\/\/coopcasa.org\/es\/wp-json\/wp\/v2\/pages"}],"about":[{"href":"https:\/\/coopcasa.org\/es\/wp-json\/wp\/v2\/types\/page"}],"author":[{"embeddable":true,"href":"https:\/\/coopcasa.org\/es\/wp-json\/wp\/v2\/users\/1"}],"replies":[{"embeddable":true,"href":"https:\/\/coopcasa.org\/es\/wp-json\/wp\/v2\/comments?post=19274"}],"version-history":[{"count":10,"href":"https:\/\/coopcasa.org\/es\/wp-json\/wp\/v2\/pages\/19274\/revisions"}],"predecessor-version":[{"id":19390,"href":"https:\/\/coopcasa.org\/es\/wp-json\/wp\/v2\/pages\/19274\/revisions\/19390"}],"wp:attachment":[{"href":"https:\/\/coopcasa.org\/es\/wp-json\/wp\/v2\/media?parent=19274"}],"wp:term":[{"taxonomy":"folder","embeddable":true,"href":"https:\/\/coopcasa.org\/es\/wp-json\/wp\/v2\/folder?post=19274"}],"curies":[{"name":"wp","href":"https:\/\/api.w.org\/{rel}","templated":true}]}}