{"id":19283,"date":"2026-05-07T19:35:19","date_gmt":"2026-05-07T19:35:19","guid":{"rendered":"http:\/\/coopcasa.org\/ubicaciones-y-urgencia\/"},"modified":"2026-05-11T06:03:09","modified_gmt":"2026-05-11T06:03:09","slug":"ubicaciones-y-urgencia","status":"publish","type":"page","link":"https:\/\/coopcasa.org\/es\/ubicaciones-y-urgencia\/","title":{"rendered":"Ubicaciones y urgencia"},"content":{"rendered":"\t\t<div data-elementor-type=\"wp-page\" data-elementor-id=\"19283\" class=\"elementor elementor-19283 elementor-18731\">\n\t\t\t\t\t\t<div class=\"elementor-element elementor-element-74438a66 e-con e-atomic-element e-flexbox-base e-74438a66-80910e1\" data-id=\"74438a66\" data-element_type=\"e-flexbox\" data-e-type=\"e-flexbox\" data-interaction-id=\"74438a66\">\n\t\t<div class=\"elementor-element elementor-element-7523ee8a e-flex e-con-boxed e-con e-parent\" data-id=\"7523ee8a\" data-element_type=\"container\" data-e-type=\"container\" data-settings=\"{&quot;background_background&quot;:&quot;classic&quot;}\">\n\t\t\t\t\t<div class=\"e-con-inner\">\n\t\t\t\t\t\t\t<h2 \n\t\tdata-interaction-id=\"740836b8\" \n\t\tclass=\"e-740836b8-6514a2d e-heading-base\" \n\t\t \n\t\t\n\t>\n\t\n\t\t\t<strong><em>Ubicaciones y urgencia<\/em><\/strong>\n\t\t<\/h2>\n\t\t\t\t\t<\/div>\n\t\t\t\t<\/div>\n\t\t\t\t<\/div>\n\t\t<div class=\"elementor-element elementor-element-bc4010e e-con-full e-flex e-con e-parent\" data-id=\"bc4010e\" data-element_type=\"container\" data-e-type=\"container\">\n\t\t\t\t\t\t\t<h3 \n\t\tdata-interaction-id=\"4b51aaba\" \n\t\tclass=\"e-4b51aaba-500e4e8 e-heading-base\" \n\t\t \n\t\t\n\t>\n\t\n\t\t\t<strong id=\"e-mp024gks-ww2k9uk\">Buscamos ubicaciones donde la gente quiera vivir y donde haya una mayor necesidad de vivienda asequible<\/strong>\n\t\t<\/h3>\n\t\t\t\t\t\t\t\t<p class=\"e-7db850f5-36f0c42 e-paragraph-base\" data-interaction-id=\"7db850f5\"  >\n\t\t\t\t\t\t\t\tEn Co-op Casa creemos que los trabajadores merecen vivir en los mejores barrios: cerca de empleos, tiendas, servicios y comodidades. Utilizamos \u00edndices de transitabilidad a pie, en bicicleta y transporte p\u00fablico para identificar los barrios objetivo. Tambi\u00e9n utilizamos el mapa municipal donde los propios residentes de viviendas asequibles han se\u00f1alado que les gustar\u00eda vivir.<br>Al mismo tiempo, identificamos ubicaciones de alta vulnerabilidad donde las personas corren riesgo de desplazamiento, utilizando el \u00cdndice de Prioridad de Equidad de Tucson.\n\t\t\t\t\t<\/p>\n\t\t\t\t\t\t\t\t<p class=\"e-2d0bc6f1-25a83fe e-paragraph-base\" data-interaction-id=\"2d0bc6f1\"  >\n\t\t\t\t\t\t\t\t<em id=\"e-movw1vzc-fssa48e\">Nuestras ubicaciones priorizan tanto los lugares donde la gente quiere vivir como aquellos donde existe una mayor necesidad.<\/em>\n\t\t\t\t\t<\/p>\n\t\t\t\t<\/div>\n\t\t<div class=\"elementor-element elementor-element-24370b81 e-grid e-con-boxed e-con e-parent\" data-id=\"24370b81\" data-element_type=\"container\" data-e-type=\"container\">\n\t\t\t\t\t<div class=\"e-con-inner\">\n\t\t<div class=\"elementor-element elementor-element-e0aa76b e-con-full e-flex e-con e-child\" data-id=\"e0aa76b\" data-element_type=\"container\" data-e-type=\"container\">\n\t\t\t\t\t\t\t\n\t\t\t<img class=\"e-image-base \" \n\t\t\t\t\tdata-interaction-id=\"7cf908a4\" \n\t\t \n\t\t \n\t\t\t\t\t\t\t\t\tid=\"19284\"\n\t\t\t\t\t\t\t\t\t\t\t\tsrc=\"https:\/\/coopcasa.org\/wp-content\/uploads\/2026\/05\/LocationsA_ES.jpg\"\n\t\t\t\t\t\t\t\t\t\t\t\twidth=\"816\"\n\t\t\t\t\t\t\t\t\t\t\t\theight=\"1312\"\n\t\t\t\t\t\t\t\t\t\t\t\tsrcset=\"\"\n\t\t\t\t\t\t\t\t\t\t\t\talt=\"\"\n\t\t\t\t\t\t\/>\n\t\t\t\t\t\t\t\t<h3 \n\t\tdata-interaction-id=\"515823ae\" \n\t\tclass=\"e-515823ae-25b1239 e-heading-base\" \n\t\t \n\t\t\n\t>\n\t\n\t\t\t<strong>Dentro de estas zonas objetivo, identificamos terrenos vac\u00edos o infrautilizados<\/strong>\n\t\t<\/h3>\n\t\t\t\t\t\t\t\t<p class=\"e-6939e042-774b380 e-paragraph-base\" data-interaction-id=\"6939e042\"  >\n\t\t\t\t\t\t\t\tBuscamos agrupar parcelas de entre 12.000 y 32.000 pies cuadrados que puedan urbanizarse de forma eficiente bajo la ordenanza de Vivienda Media de la ciudad; lo suficientemente grandes para construir un vecindario de bolsillo con d\u00faplex y cu\u00e1druplex, pero lo bastante peque\u00f1as para integrarse en el barrio y fomentar un fuerte sentido de comunidad entre los residentes.<br><br><em>Co-op Casa convierte terrenos infrautilizados en vecindarios de bolsillo atractivos y asequibles.<\/em>\n\t\t\t\t\t<\/p>\n\t\t\t\t<\/div>\n\t\t<div class=\"elementor-element elementor-element-ac99c17 e-con-full e-flex e-con e-child\" data-id=\"ac99c17\" data-element_type=\"container\" data-e-type=\"container\">\n\t\t\t\t\t\t\t\n\t\t\t<img class=\"e-image-base \" \n\t\t\t\t\tdata-interaction-id=\"4a728146\" \n\t\t \n\t\t \n\t\t\t\t\t\t\t\t\tid=\"19285\"\n\t\t\t\t\t\t\t\t\t\t\t\tsrc=\"https:\/\/coopcasa.org\/wp-content\/uploads\/2026\/05\/LocationsB_ES.jpg\"\n\t\t\t\t\t\t\t\t\t\t\t\twidth=\"800\"\n\t\t\t\t\t\t\t\t\t\t\t\theight=\"1328\"\n\t\t\t\t\t\t\t\t\t\t\t\tsrcset=\"\"\n\t\t\t\t\t\t\t\t\t\t\t\talt=\"\"\n\t\t\t\t\t\t\/>\n\t\t\t\t\t\t\t\t<h3 \n\t\tdata-interaction-id=\"22a4b70f\" \n\t\tclass=\"e-22a4b70f-8eca6d5 e-heading-base\" \n\t\t \n\t\t\n\t>\n\t\n\t\t\t<strong>Es urgente asegurar el terreno ahora antes de que desaparezca<\/strong>\n\t\t<\/h3>\n\t\t\t\t\t\t\t\t<p class=\"e-487f24ae-9b6f837 e-paragraph-base\" data-interaction-id=\"487f24ae\"  >\n\t\t\t\t\t\t\t\tTodav\u00eda hay solares vac\u00edos y parcelas infrautilizadas en nuestra zona objetivo. Los promotores inmobiliarios a precio de mercado se est\u00e1n dando cuenta de que estas parcelas pueden ofrecer un alto rendimiento financiero, por lo que es importante asegurar este terreno ahora antes de que se agote.<br><br><em>Co-op Casa busca activamente inversiones socialmente responsables y alianzas gubernamentales para crear su banco de tierras ahora.<\/em>\n\t\t\t\t\t<\/p>\n\t\t\t\t<\/div>\n\t\t<div class=\"elementor-element elementor-element-f236d79 e-con-full e-flex e-con e-child\" data-id=\"f236d79\" data-element_type=\"container\" data-e-type=\"container\">\n\t\t\t\t\t\t\t\n\t\t\t<img class=\"e-image-base \" \n\t\t\t\t\tdata-interaction-id=\"287f4468\" \n\t\t \n\t\t \n\t\t\t\t\t\t\t\t\tid=\"19286\"\n\t\t\t\t\t\t\t\t\t\t\t\tsrc=\"https:\/\/coopcasa.org\/wp-content\/uploads\/2026\/05\/LocationsC_ES.jpg\"\n\t\t\t\t\t\t\t\t\t\t\t\twidth=\"784\"\n\t\t\t\t\t\t\t\t\t\t\t\theight=\"1360\"\n\t\t\t\t\t\t\t\t\t\t\t\tsrcset=\"\"\n\t\t\t\t\t\t\t\t\t\t\t\talt=\"\"\n\t\t\t\t\t\t\/>\n\t\t\t\t\t\t\t\t<h3 \n\t\tdata-interaction-id=\"39ae052b\" \n\t\tclass=\"e-39ae052b-0c0bfa6 e-heading-base\" \n\t\t \n\t\t\n\t>\n\t\n\t\t\t<strong>Alianzas con la ciudad y el condado<\/strong>\n\t\t<\/h3>\n\t\t\t\t\t\t\t\t<p class=\"e-98764e8-2978dc1 e-paragraph-base\" data-interaction-id=\"98764e8\"  >\n\t\t\t\t\t\t\t\tAdem\u00e1s de adquirir terrenos en el mercado abierto, Co-op Casa busca colaborar con la ciudad de Tucson y el condado de Pima en terrenos de propiedad p\u00fablica o donados que cumplan nuestros criterios, incluyendo oportunidades a trav\u00e9s del fideicomiso de tierras comunitarias de reciente creaci\u00f3n de la ciudad.<br><br><em>Co-op Casa puede ser un socio valioso al cubrir un nicho importante en el panorama de la vivienda asequible.<\/em>\n\t\t\t\t\t<\/p>\n\t\t\t\t<\/div>\n\t\t\t\t\t<\/div>\n\t\t\t\t<\/div>\n\t\t<div class=\"elementor-element elementor-element-39173b61 e-flex e-con-boxed e-con e-parent\" data-id=\"39173b61\" data-element_type=\"container\" data-e-type=\"container\">\n\t\t\t\t\t<div class=\"e-con-inner\">\n\t\t\t\t\t\t\t<h3 \n\t\tdata-interaction-id=\"d9952b4\" \n\t\tclass=\"e-d9952b4-988c23d e-heading-base\" \n\t\t \n\t\t\n\t>\n\t\n\t\t\t<strong id=\"e-moxi34hh-toed7iw\">Hay terreno disponible<\/strong>\n\t\t<\/h3>\n\t\t\t\t\t\t\t\t<p class=\"e-5bc4678-fddf430 e-paragraph-base\" data-interaction-id=\"5bc4678\"  >\n\t\t\t\t\t\t\t\t<em id=\"e-moxi4opn-4umufqb\">\u00a1Asegur\u00e9moslo en el banco de tierras de Co-op Casa y preserv\u00e9moslo para<\/em><br><em id=\"e-moxi4opn-zweqnfl\"> crear viviendas asequibles permanentes y centradas en la comunidad donde la gente quiere vivir!<\/em>\n\t\t\t\t\t<\/p>\n\t\t\t\t\t\t\t\n\t\t\t<img class=\"e-image-base e-5baee21b-ccb28ac\" \n\t\t\t\t\tdata-interaction-id=\"5baee21b\" \n\t\t \n\t\t \n\t\t\t\t\t\t\t\t\tid=\"19287\"\n\t\t\t\t\t\t\t\t\t\t\t\tsrc=\"https:\/\/coopcasa.org\/wp-content\/uploads\/2026\/05\/static_mao3_es.png\"\n\t\t\t\t\t\t\t\t\t\t\t\twidth=\"921\"\n\t\t\t\t\t\t\t\t\t\t\t\theight=\"720\"\n\t\t\t\t\t\t\t\t\t\t\t\tsrcset=\"\"\n\t\t\t\t\t\t\t\t\t\t\t\talt=\"\"\n\t\t\t\t\t\t\/>\n\t\t\t\t\t\t<\/div>\n\t\t\t\t<\/div>\n\t\t<div class=\"elementor-element elementor-element-66db2884 e-flex e-con-boxed e-con e-parent\" data-id=\"66db2884\" data-element_type=\"container\" data-e-type=\"container\">\n\t\t\t\t\t<div class=\"e-con-inner\">\n\t\t<div class=\"elementor-element elementor-element-a70a089 e-grid e-con-full e-con e-child\" data-id=\"a70a089\" data-element_type=\"container\" data-e-type=\"container\">\n\t\t\t\t\t    \t            <a\n            href=\"https:\/\/coopcasa.org\/es\/por-que-co-op-casa-importa\/\" target=\"_self\"\n            class=\"e-53e5769-5873235 e-button-base\"\n            data-interaction-id=\"53e5769\"\n             \n        >\n            Atr\u00e1s: Por qu\u00e9 es importante Co-op Casa\n        <\/a>\n    \t\t\t\t\t    \t            <a\n            href=\"https:\/\/coopcasa.org\/es\/el-modelo-co-op-casa\/\" target=\"_self\"\n            class=\"e-45ce989a-f05cafc e-button-base\"\n            data-interaction-id=\"45ce989a\"\n             \n        >\n            Siguiente: El modelo de Co-op Casa\n        <\/a>\n    \t\t\t\t<\/div>\n\t\t\t\t\t<\/div>\n\t\t\t\t<\/div>\n\t\t\t\t<\/div>\n\t\t","protected":false},"excerpt":{"rendered":"<p>Ubicaciones y urgencia Buscamos ubicaciones donde la gente quiera vivir y donde haya una mayor necesidad de vivienda asequible En Co-op Casa creemos que los trabajadores merecen vivir en los mejores barrios: cerca de empleos, tiendas, servicios y comodidades. Utilizamos \u00edndices de transitabilidad a pie, en bicicleta y transporte p\u00fablico para identificar los barrios objetivo. [&hellip;]<\/p>\n","protected":false},"author":1,"featured_media":0,"parent":0,"menu_order":0,"comment_status":"closed","ping_status":"closed","template":"elementor_header_footer","meta":{"footnotes":""},"folder":[],"class_list":["post-19283","page","type-page","status-publish","hentry"],"_links":{"self":[{"href":"https:\/\/coopcasa.org\/es\/wp-json\/wp\/v2\/pages\/19283","targetHints":{"allow":["GET"]}}],"collection":[{"href":"https:\/\/coopcasa.org\/es\/wp-json\/wp\/v2\/pages"}],"about":[{"href":"https:\/\/coopcasa.org\/es\/wp-json\/wp\/v2\/types\/page"}],"author":[{"embeddable":true,"href":"https:\/\/coopcasa.org\/es\/wp-json\/wp\/v2\/users\/1"}],"replies":[{"embeddable":true,"href":"https:\/\/coopcasa.org\/es\/wp-json\/wp\/v2\/comments?post=19283"}],"version-history":[{"count":2,"href":"https:\/\/coopcasa.org\/es\/wp-json\/wp\/v2\/pages\/19283\/revisions"}],"predecessor-version":[{"id":19402,"href":"https:\/\/coopcasa.org\/es\/wp-json\/wp\/v2\/pages\/19283\/revisions\/19402"}],"wp:attachment":[{"href":"https:\/\/coopcasa.org\/es\/wp-json\/wp\/v2\/media?parent=19283"}],"wp:term":[{"taxonomy":"folder","embeddable":true,"href":"https:\/\/coopcasa.org\/es\/wp-json\/wp\/v2\/folder?post=19283"}],"curies":[{"name":"wp","href":"https:\/\/api.w.org\/{rel}","templated":true}]}}