{"id":19293,"date":"2026-05-06T16:22:07","date_gmt":"2026-05-06T16:22:07","guid":{"rendered":"http:\/\/coopcasa.org\/el-modelo-de-cooperativa\/"},"modified":"2026-05-11T05:50:49","modified_gmt":"2026-05-11T05:50:49","slug":"el-modelo-de-cooperativa","status":"publish","type":"page","link":"https:\/\/coopcasa.org\/es\/el-modelo-de-cooperativa\/","title":{"rendered":"El modelo de cooperativa"},"content":{"rendered":"\t\t<div data-elementor-type=\"wp-page\" data-elementor-id=\"19293\" class=\"elementor elementor-19293 elementor-18632\">\n\t\t\t\t\t\t<div class=\"elementor-element elementor-element-e5c5e48 e-con e-atomic-element e-flexbox-base e-e5c5e48-fdf176f\" data-id=\"e5c5e48\" data-element_type=\"e-flexbox\" data-e-type=\"e-flexbox\" data-interaction-id=\"e5c5e48\">\n\t\t<div class=\"elementor-element elementor-element-ee6d740 e-flex e-con-boxed e-con e-parent\" data-id=\"ee6d740\" data-element_type=\"container\" data-e-type=\"container\" data-settings=\"{&quot;background_background&quot;:&quot;classic&quot;}\">\n\t\t\t\t\t<div class=\"e-con-inner\">\n\t\t\t\t\t\t\t<h2 \n\t\tdata-interaction-id=\"98f4403\" \n\t\tclass=\"e-98f4403-6804de6 e-heading-base\" \n\t\t \n\t\t\n\t>\n\t\n\t\t\t<strong id=\"e-mou9nbyz-go2lpf2\"><em id=\"e-mou9nbyz-ab0rkag\">El modelo de cooperativa<\/em><\/strong>\n\t\t<\/h2>\n\t\t\t\t\t<\/div>\n\t\t\t\t<\/div>\n\t\t\t\t<\/div>\n\t\t<div class=\"elementor-element elementor-element-f593451 e-flex e-con-boxed e-con e-parent\" data-id=\"f593451\" data-element_type=\"container\" data-e-type=\"container\">\n\t\t\t\t\t<div class=\"e-con-inner\">\n\t\t\t\t\t\t\t<h2 \n\t\tdata-interaction-id=\"229f747\" \n\t\tclass=\"e-229f747-c376db7 e-heading-base\" \n\t\t \n\t\t\n\t>\n\t\n\t\t\t<strong id=\"e-mot9y628-l9iiqji\">Formar parte del movimiento cooperativo<\/strong>\n\t\t<\/h2>\n\t\t\t\t\t\t\t\t<p class=\"e-ea99778-283a8ec e-paragraph-base\" data-interaction-id=\"ea99778\"  >\n\t\t\t\t\t\t\t\tLas cooperativas de vivienda son de varios tipos y representan una alternativa creciente para ofrecer viviendas asequibles y c\u00f3modas. En algunas ciudades del mundo, hasta una cuarta parte de los residentes vive en cooperativas de vivienda. Las cooperativas destacan como soluciones probadas para una vivienda sostenible, inclusiva y asequible, y a menudo sirven de modelo para ciudades que buscan alternativas a los mercados inmobiliarios especulativos.\n\t\t\t\t\t<\/p>\n\t\t\t\t\t<\/div>\n\t\t\t\t<\/div>\n\t\t<div class=\"elementor-element elementor-element-0c76c8a e-grid e-con-boxed e-con e-parent\" data-id=\"0c76c8a\" data-element_type=\"container\" data-e-type=\"container\">\n\t\t\t\t\t<div class=\"e-con-inner\">\n\t\t<div class=\"elementor-element elementor-element-2dd5b67 e-con-full e-flex e-con e-child\" data-id=\"2dd5b67\" data-element_type=\"container\" data-e-type=\"container\">\n\t\t\t\t\t\t\t<h3 \n\t\tdata-interaction-id=\"4d05bcf\" \n\t\tclass=\"e-4d05bcf-4a97a12 e-heading-base\" \n\t\t \n\t\t\n\t>\n\t\n\t\t\t<strong id=\"e-motbbbuu-ft4ripn\"><em id=\"e-motbbbuu-ia259rt\">Eres propietario de Co-op Casa, no un inquilino<\/em><\/strong>\n\t\t<\/h3>\n\t\t\t\t\t\t\t\n\t\t\t<img class=\"e-image-base e-405ee84-afb2cab\" \n\t\t\t\t\tdata-interaction-id=\"405ee84\" \n\t\t \n\t\t \n\t\t\t\t\t\t\t\t\tid=\"19294\"\n\t\t\t\t\t\t\t\t\t\t\t\tsrc=\"https:\/\/coopcasa.org\/wp-content\/uploads\/2026\/05\/owner_share-2.png\"\n\t\t\t\t\t\t\t\t\t\t\t\twidth=\"1376\"\n\t\t\t\t\t\t\t\t\t\t\t\theight=\"768\"\n\t\t\t\t\t\t\t\t\t\t\t\tsrcset=\"\"\n\t\t\t\t\t\t\t\t\t\t\t\talt=\"\"\n\t\t\t\t\t\t\/>\n\t\t\t\t\t\t\t\t\t<p class=\"e-f6222f5-78c9026 e-paragraph-base\" data-interaction-id=\"f6222f5\"  >\n\t\t\t\t\t\t\t\tCuando te conviertes en residente de Co-op Casa, posees una participaci\u00f3n de la cooperativa Co-op Casa; no solo de tu unidad o tu comunidad, sino de toda la empresa cooperativa. Tu cuota mensual, junto con la de tus vecinos, es el motor que impulsa Co-op Casa. El dinero que tanto te cuesta ganar beneficia a las personas que viven aqu\u00ed y a la comunidad, no a inversores externos.  \n\t\t\t\t\t<\/p>\n\t\t\t\t<\/div>\n\t\t<div class=\"elementor-element elementor-element-4c9590d e-con-full e-flex e-con e-child\" data-id=\"4c9590d\" data-element_type=\"container\" data-e-type=\"container\">\n\t\t\t\t\t\t\t<h3 \n\t\tdata-interaction-id=\"cb4e011\" \n\t\tclass=\"e-cb4e011-b372faa e-heading-base\" \n\t\t \n\t\t\n\t>\n\t\n\t\t\t<strong id=\"e-motbbgum-axzel6d\"><em id=\"e-motbbgum-a188i6q\">Incl\u00facrate tanto como quieras<\/em><\/strong>\n\t\t<\/h3>\n\t\t\t\t\t\t\t\n\t\t\t<img class=\"e-image-base e-35e337f-ebb4106\" \n\t\t\t\t\tdata-interaction-id=\"35e337f\" \n\t\t \n\t\t \n\t\t\t\t\t\t\t\t\tid=\"19295\"\n\t\t\t\t\t\t\t\t\t\t\t\tsrc=\"https:\/\/coopcasa.org\/wp-content\/uploads\/2026\/05\/tour_guide-1.png\"\n\t\t\t\t\t\t\t\t\t\t\t\twidth=\"1376\"\n\t\t\t\t\t\t\t\t\t\t\t\theight=\"768\"\n\t\t\t\t\t\t\t\t\t\t\t\tsrcset=\"\"\n\t\t\t\t\t\t\t\t\t\t\t\talt=\"\"\n\t\t\t\t\t\t\/>\n\t\t\t\t\t\t\t\t\t<p class=\"e-022994c-50fef44 e-paragraph-base\" data-interaction-id=\"022994c\"  >\n\t\t\t\t\t\t\t\tLos residentes desempe\u00f1an un papel fundamental en Co-op Casa. Puedes ofrecerte como voluntario para cuidar las plantas aut\u00f3ctonas, dar visitas guiadas o incluso participar en grupos asesores de toda la cooperativa. T\u00fa eliges tu nivel de implicaci\u00f3n: simplemente vivir aqu\u00ed y cuidar bien de tu hogar, o involucrarte m\u00e1s en la expansi\u00f3n de Co-op Casa e incluso presentarte a la Junta Directiva.  \n\t\t\t\t\t<\/p>\n\t\t\t\t<\/div>\n\t\t<div class=\"elementor-element elementor-element-40e358d e-con-full e-flex e-con e-child\" data-id=\"40e358d\" data-element_type=\"container\" data-e-type=\"container\">\n\t\t\t\t\t\t\t<h3 \n\t\tdata-interaction-id=\"79e809f\" \n\t\tclass=\"e-79e809f-f846902 e-heading-base\" \n\t\t \n\t\t\n\t>\n\t\n\t\t\t<strong id=\"e-motbblw9-k4adi70\"><em id=\"e-motbblw9-ymxxbhh\">Formar parte de algo m\u00e1s grande<\/em><\/strong>\n\t\t<\/h3>\n\t\t\t\t\t\t\t\n\t\t\t<img class=\"e-image-base e-080fbde-005d481\" \n\t\t\t\t\tdata-interaction-id=\"080fbde\" \n\t\t \n\t\t \n\t\t\t\t\t\t\t\t\tid=\"19296\"\n\t\t\t\t\t\t\t\t\t\t\t\tsrc=\"https:\/\/coopcasa.org\/wp-content\/uploads\/2026\/05\/be_part_of_something3-1.png\"\n\t\t\t\t\t\t\t\t\t\t\t\twidth=\"1354\"\n\t\t\t\t\t\t\t\t\t\t\t\theight=\"784\"\n\t\t\t\t\t\t\t\t\t\t\t\tsrcset=\"\"\n\t\t\t\t\t\t\t\t\t\t\t\talt=\"\"\n\t\t\t\t\t\t\/>\n\t\t\t\t\t\t\t\t\t<p class=\"e-5962b51-8979877 e-paragraph-base\" data-interaction-id=\"5962b51\"  >\n\t\t\t\t\t\t\t\tCo-op Casa demuestra que una vivienda cooperativa sostenible y permanentemente asequible es posible en Tucson, y que vale la pena replicarla. En Co-op Casa, formas parte de ese movimiento.<br>Tendremos m\u00faltiples comunidades de Co-op Casa en Tucson y conectaremos con cooperativas similares en otros estados y pa\u00edses. \n\t\t\t\t\t<\/p>\n\t\t\t\t<\/div>\n\t\t\t\t\t<\/div>\n\t\t\t\t<\/div>\n\t\t<div class=\"elementor-element elementor-element-b5f84a4 e-flex e-con-boxed e-con e-parent\" data-id=\"b5f84a4\" data-element_type=\"container\" data-e-type=\"container\">\n\t\t\t\t\t<div class=\"e-con-inner\">\n\t\t<div class=\"elementor-element elementor-element-1522aa8 e-grid e-con-full e-con e-child\" data-id=\"1522aa8\" data-element_type=\"container\" data-e-type=\"container\">\n\t\t\t\t\t    \t            <a\n            href=\"https:\/\/coopcasa.org\/es\/tus-ahorros\/\" target=\"_self\"\n            class=\"e-22a7076-6464e06 e-button-base\"\n            data-interaction-id=\"22a7076\"\n             \n        >\n            Atr\u00e1s: Tus ahorros\n        <\/a>\n    \t\t\t\t\t    \t            <a\n            href=\"https:\/\/coopcasa.org\/es\/inquiry-form\/\" target=\"_blank\"\n            class=\"e-bb0d5d5-5c0e316 e-button-base\"\n            data-interaction-id=\"bb0d5d5\"\n             \n        >\n            Siguiente: Invol\u00facrate\n        <\/a>\n    \t\t\t\t<\/div>\n\t\t\t\t\t<\/div>\n\t\t\t\t<\/div>\n\t\t\t\t<\/div>\n\t\t","protected":false},"excerpt":{"rendered":"<p>El modelo de cooperativa Formar parte del movimiento cooperativo Las cooperativas de vivienda son de varios tipos y representan una alternativa creciente para ofrecer viviendas asequibles y c\u00f3modas. En algunas ciudades del mundo, hasta una cuarta parte de los residentes vive en cooperativas de vivienda. Las cooperativas destacan como soluciones probadas para una vivienda sostenible, [&hellip;]<\/p>\n","protected":false},"author":1,"featured_media":0,"parent":0,"menu_order":0,"comment_status":"closed","ping_status":"closed","template":"elementor_header_footer","meta":{"footnotes":""},"folder":[],"class_list":["post-19293","page","type-page","status-publish","hentry"],"_links":{"self":[{"href":"https:\/\/coopcasa.org\/es\/wp-json\/wp\/v2\/pages\/19293","targetHints":{"allow":["GET"]}}],"collection":[{"href":"https:\/\/coopcasa.org\/es\/wp-json\/wp\/v2\/pages"}],"about":[{"href":"https:\/\/coopcasa.org\/es\/wp-json\/wp\/v2\/types\/page"}],"author":[{"embeddable":true,"href":"https:\/\/coopcasa.org\/es\/wp-json\/wp\/v2\/users\/1"}],"replies":[{"embeddable":true,"href":"https:\/\/coopcasa.org\/es\/wp-json\/wp\/v2\/comments?post=19293"}],"version-history":[{"count":2,"href":"https:\/\/coopcasa.org\/es\/wp-json\/wp\/v2\/pages\/19293\/revisions"}],"predecessor-version":[{"id":19403,"href":"https:\/\/coopcasa.org\/es\/wp-json\/wp\/v2\/pages\/19293\/revisions\/19403"}],"wp:attachment":[{"href":"https:\/\/coopcasa.org\/es\/wp-json\/wp\/v2\/media?parent=19293"}],"wp:term":[{"taxonomy":"folder","embeddable":true,"href":"https:\/\/coopcasa.org\/es\/wp-json\/wp\/v2\/folder?post=19293"}],"curies":[{"name":"wp","href":"https:\/\/api.w.org\/{rel}","templated":true}]}}