{"id":19298,"date":"2026-05-07T18:19:28","date_gmt":"2026-05-07T18:19:28","guid":{"rendered":"http:\/\/coopcasa.org\/por-que-co-op-casa-importa\/"},"modified":"2026-05-11T05:50:49","modified_gmt":"2026-05-11T05:50:49","slug":"por-que-co-op-casa-importa","status":"publish","type":"page","link":"https:\/\/coopcasa.org\/es\/por-que-co-op-casa-importa\/","title":{"rendered":"Por qu\u00e9 Co-op Casa importa"},"content":{"rendered":"\t\t<div data-elementor-type=\"wp-page\" data-elementor-id=\"19298\" class=\"elementor elementor-19298 elementor-18697\">\n\t\t\t\t\t\t<div class=\"elementor-element elementor-element-67224449 e-con e-atomic-element e-flexbox-base e-67224449-25a6d09\" data-id=\"67224449\" data-element_type=\"e-flexbox\" data-e-type=\"e-flexbox\" data-interaction-id=\"67224449\">\n\t\t<div class=\"elementor-element elementor-element-63cc1352 e-flex e-con-boxed e-con e-parent\" data-id=\"63cc1352\" data-element_type=\"container\" data-e-type=\"container\" data-settings=\"{&quot;background_background&quot;:&quot;classic&quot;}\">\n\t\t\t\t\t<div class=\"e-con-inner\">\n\t\t\t\t\t\t\t\n\t\t\t<img class=\"e-image-base \" \n\t\t\t\t\tdata-interaction-id=\"49d8cb5\" \n\t\t \n\t\t \n\t\t\t\t\t\t\t\t\tid=\"18956\"\n\t\t\t\t\t\t\t\t\t\t\t\tsrc=\"https:\/\/coopcasa.org\/wp-content\/uploads\/2026\/05\/A_mtn_banner_sketch-1.jpg\"\n\t\t\t\t\t\t\t\t\t\t\t\twidth=\"1584\"\n\t\t\t\t\t\t\t\t\t\t\t\theight=\"672\"\n\t\t\t\t\t\t\t\t\t\t\t\tsrcset=\"https:\/\/coopcasa.org\/wp-content\/uploads\/2026\/05\/A_mtn_banner_sketch-1.jpg 1584w, https:\/\/coopcasa.org\/wp-content\/uploads\/2026\/05\/A_mtn_banner_sketch-1-1536x652.jpg 1536w\"\n\t\t\t\t\t\t\t\t\t\t\t\talt=\"\"\n\t\t\t\t\t\t\/>\n\t\t\t\t\t\t\t\t<h2 \n\t\tdata-interaction-id=\"51eb668b\" \n\t\tclass=\"e-51eb668b-148decd e-heading-base\" \n\t\t \n\t\t\n\t>\n\t\n\t\t\t<strong id=\"e-mow61upb-7i9zmv3\"><em id=\"e-mow61upb-44vxors\">Por qu\u00e9 Co-op Casa importa:<\/em><\/strong>\n\t\t<\/h2>\n\t\t\t\t\t<\/div>\n\t\t\t\t<\/div>\n\t\t\t\t<\/div>\n\t\t<div class=\"elementor-element elementor-element-1478c4be e-con-full e-flex e-con e-parent\" data-id=\"1478c4be\" data-element_type=\"container\" data-e-type=\"container\">\n\t\t\t\t\t\t\t<h3 \n\t\tdata-interaction-id=\"1addcf4\" \n\t\tclass=\"e-1addcf4-1c46087 e-heading-base\" \n\t\t \n\t\t\n\t>\n\t\n\t\t\t<strong>Gran parte de la fuerza laboral de Tucson no puede permitirse vivir aqu\u00ed<\/strong>\n\t\t<\/h3>\n\t\t\t\t\t\t\t\t<p class=\"e-28443b2-667599d e-paragraph-base\" data-interaction-id=\"28443b2\"  >\n\t\t\t\t\t\t\t\tLa brecha entre lo que ganan muchos trabajadores de Tucson y lo que cuesta la vivienda es amplia y creciente. Los profesores, enfermeros, conductores de autob\u00fas y trabajadores de la alimentaci\u00f3n que mantienen Tucson en funcionamiento suelen ganar entre 32.000 $ y 76.000 $ al a\u00f1o. Las viviendas a precio de mercado cerca de sus trabajos requieren ingresos de 80.000 $ o m\u00e1s. Esta brecha produce consecuencias reales: largos desplazamientos, alta rotaci\u00f3n y familias expulsadas de la ciudad a la que sirven.\n\t\t\t\t\t<\/p>\n\t\t\t\t\t\t\t\t<p class=\"e-ce94c6b-79906b3 e-paragraph-base\" data-interaction-id=\"ce94c6b\"  >\n\t\t\t\t\t\t\t\t<em id=\"e-mow65lzr-a97r3bu\">Co-op Casa est\u00e1 dise\u00f1ada para cerrar la brecha de asequibilidad creando viviendas permanentemente asequibles <\/em><br><em id=\"e-mow65lzr-murke3j\">para los hogares que el mercado deja atr\u00e1s.<\/em>\n\t\t\t\t\t<\/p>\n\t\t\t\t<\/div>\n\t\t<div class=\"elementor-element elementor-element-59d445fd e-grid e-con-boxed e-con e-parent\" data-id=\"59d445fd\" data-element_type=\"container\" data-e-type=\"container\">\n\t\t\t\t\t<div class=\"e-con-inner\">\n\t\t<div class=\"elementor-element elementor-element-1f2af30 e-con-full e-flex e-con e-child\" data-id=\"1f2af30\" data-element_type=\"container\" data-e-type=\"container\">\n\t\t\t\t\t\t\t\n\t\t\t<img class=\"e-image-base \" \n\t\t\t\t\tdata-interaction-id=\"45fefc06\" \n\t\t \n\t\t \n\t\t\t\t\t\t\t\t\tid=\"19299\"\n\t\t\t\t\t\t\t\t\t\t\t\tsrc=\"https:\/\/coopcasa.org\/wp-content\/uploads\/2026\/05\/why_mattersA_ES.jpg\"\n\t\t\t\t\t\t\t\t\t\t\t\twidth=\"800\"\n\t\t\t\t\t\t\t\t\t\t\t\theight=\"1328\"\n\t\t\t\t\t\t\t\t\t\t\t\tsrcset=\"\"\n\t\t\t\t\t\t\t\t\t\t\t\talt=\"\"\n\t\t\t\t\t\t\/>\n\t\t\t\t\t\t\t\t<h3 \n\t\tdata-interaction-id=\"27b034d1\" \n\t\tclass=\"e-27b034d1-8edf9be e-heading-base\" \n\t\t \n\t\t\n\t>\n\t\n\t\t\t<strong>La mayor\u00eda de las nuevas viviendas en el centro de Tucson empeoran el problema, no lo mejoran<\/strong>\n\t\t<\/h3>\n\t\t\t\t\t\t\t\t<p class=\"e-8be939c-b2bc814 e-paragraph-base\" data-interaction-id=\"8be939c\"  >\n\t\t\t\t\t\t\t\tLa mayor\u00eda de los nuevos desarrollos en el centro de Tucson producen viviendas que son incluso menos asequibles que las ya existentes. El coste mensual medio de los nuevos alquileres, incluyendo tasas y servicios, es sustancialmente m\u00e1s alto que el de los alquileres existentes. El coste mensual medio de comprar una casa nueva es a\u00fan mayor.<br>Todav\u00eda hay tiempo para construir viviendas asequibles en el centro de Tucson. Pero cuando el terreno bald\u00edo se utiliza para el desarrollo a precio de mercado, ese terreno se pierde para siempre. El potencial de vivienda asequible desaparece. El barrio cambia.<br><br><em>Co-op Casa convierte nuestras ubicaciones m\u00e1s valiosas en viviendas permanentemente asequibles.<\/em>\n\t\t\t\t\t<\/p>\n\t\t\t\t<\/div>\n\t\t<div class=\"elementor-element elementor-element-8250286 e-con-full e-flex e-con e-child\" data-id=\"8250286\" data-element_type=\"container\" data-e-type=\"container\">\n\t\t\t\t\t\t\t\n\t\t\t<img class=\"e-image-base \" \n\t\t\t\t\tdata-interaction-id=\"2295ba33\" \n\t\t \n\t\t \n\t\t\t\t\t\t\t\t\tid=\"19300\"\n\t\t\t\t\t\t\t\t\t\t\t\tsrc=\"https:\/\/coopcasa.org\/wp-content\/uploads\/2026\/05\/why_mattersB_ES.jpg\"\n\t\t\t\t\t\t\t\t\t\t\t\twidth=\"800\"\n\t\t\t\t\t\t\t\t\t\t\t\theight=\"1328\"\n\t\t\t\t\t\t\t\t\t\t\t\tsrcset=\"\"\n\t\t\t\t\t\t\t\t\t\t\t\talt=\"\"\n\t\t\t\t\t\t\/>\n\t\t\t\t\t\t\t\t<h3 \n\t\tdata-interaction-id=\"23e7e9fc\" \n\t\tclass=\"e-23e7e9fc-3f39bd1 e-heading-base\" \n\t\t \n\t\t\n\t>\n\t\n\t\t\t<strong>La vivienda asequible del gobierno municipal se centra en hogares de bajos ingresos, no en viviendas para la fuerza laboral<\/strong>\n\t\t<\/h3>\n\t\t\t\t\t\t\t\t<p class=\"e-4a380091-643d564 e-paragraph-base\" data-interaction-id=\"4a380091\"  >\n\t\t\t\t\t\t\t\tEl Ayuntamiento de Tucson tiene m\u00faltiples iniciativas de vivienda en marcha, centradas en gran medida en hogares que ganan menos de 30.000 $ al a\u00f1o. Esa necesidad es real y esos programas importan. Co-op Casa se centra en viviendas para la fuerza laboral, para aquellos que ganan demasiado para calificar para los programas municipales, pero demasiado poco para permitirse una vivienda a precio de mercado en el centro de Tucson.<br><br><em>Las cooperativas son una soluci\u00f3n cuando el mercado y el gobierno no satisfacen las necesidades de las personas.<\/em>\n\t\t\t\t\t<\/p>\n\t\t\t\t<\/div>\n\t\t<div class=\"elementor-element elementor-element-d96f96a e-con-full e-flex e-con e-child\" data-id=\"d96f96a\" data-element_type=\"container\" data-e-type=\"container\">\n\t\t\t\t\t\t\t\n\t\t\t<img class=\"e-image-base e-1ce4d976-016f9dc\" \n\t\t\t\t\tdata-interaction-id=\"1ce4d976\" \n\t\t \n\t\t \n\t\t\t\t\t\t\t\t\tid=\"19301\"\n\t\t\t\t\t\t\t\t\t\t\t\tsrc=\"https:\/\/coopcasa.org\/wp-content\/uploads\/2026\/05\/why_mattersC_ES.jpg\"\n\t\t\t\t\t\t\t\t\t\t\t\twidth=\"800\"\n\t\t\t\t\t\t\t\t\t\t\t\theight=\"1328\"\n\t\t\t\t\t\t\t\t\t\t\t\tsrcset=\"\"\n\t\t\t\t\t\t\t\t\t\t\t\talt=\"\"\n\t\t\t\t\t\t\/>\n\t\t\t\t\t\t\t\t<h3 \n\t\tdata-interaction-id=\"5bd54c96\" \n\t\tclass=\"e-5bd54c96-cabd910 e-heading-base\" \n\t\t \n\t\t\n\t>\n\t\n\t\t\t<strong>La inversi\u00f3n en infraestructura puede tener la consecuencia no deseada de disminuir la asequibilidad<\/strong>\n\t\t<\/h3>\n\t\t\t\t\t\t\t\t<p class=\"e-74af2cc8-ac0fb19 e-paragraph-base\" data-interaction-id=\"74af2cc8\"  >\n\t\t\t\t\t\t\t\tLos alquileres en el centro de Tucson han aumentado dr\u00e1sticamente a medida que las inversiones en el centro y el desarrollo del transporte p\u00fablico han hecho que el centro de Tucson sea m\u00e1s deseable. Las personas que han vivido aqu\u00ed m\u00e1s tiempo \u2014y que dependen del transporte p\u00fablico, la facilidad para caminar y la proximidad a los servicios\u2014 son las primeras en ser expulsadas por los precios.<br><br><em>Co-op Casa complementa la inversi\u00f3n del Ayuntamiento en el centro y en los corredores de transporte p\u00fablico creando peque\u00f1os barrios asequibles en estas zonas.<\/em>\n\t\t\t\t\t<\/p>\n\t\t\t\t<\/div>\n\t\t\t\t\t<\/div>\n\t\t\t\t<\/div>\n\t\t<div class=\"elementor-element elementor-element-a21b495 e-flex e-con-boxed e-con e-parent\" data-id=\"a21b495\" data-element_type=\"container\" data-e-type=\"container\">\n\t\t\t\t\t<div class=\"e-con-inner\">\n\t\t\t\t\t\t\t\n\t\t\t<img class=\"e-image-base e-84482dc-ae8c884\" \n\t\t\t\t\tdata-interaction-id=\"84482dc\" \n\t\t \n\t\t \n\t\t\t\t\t\t\t\t\tid=\"19302\"\n\t\t\t\t\t\t\t\t\t\t\t\tsrc=\"https:\/\/coopcasa.org\/wp-content\/uploads\/2026\/05\/why_it_mattersD_ES.jpg\"\n\t\t\t\t\t\t\t\t\t\t\t\twidth=\"1600\"\n\t\t\t\t\t\t\t\t\t\t\t\theight=\"524\"\n\t\t\t\t\t\t\t\t\t\t\t\tsrcset=\"https:\/\/coopcasa.org\/wp-content\/uploads\/2026\/05\/why_it_mattersD_ES.jpg 1600w, https:\/\/coopcasa.org\/wp-content\/uploads\/2026\/05\/why_it_mattersD_ES-1536x503.jpg 1536w\"\n\t\t\t\t\t\t\t\t\t\t\t\talt=\"\"\n\t\t\t\t\t\t\/>\n\t\t\t\t\t\t\t\t\t<p class=\"e-1dcd6da-1de78de e-paragraph-base\" data-interaction-id=\"1dcd6da\"  >\n\t\t\t\t\t\t\t\tCo-op Casa prioriza la sustituci\u00f3n de los patrones de desarrollo centrados en el autom\u00f3vil para fomentar espacios centrados en la comunidad, creando intencionadamente espacios para cambiar la forma en que las personas viven, para las personas listas para un cambio.\n\t\t\t\t\t<\/p>\n\t\t\t\t\t<\/div>\n\t\t\t\t<\/div>\n\t\t<div class=\"elementor-element elementor-element-48eaf4dd e-flex e-con-boxed e-con e-parent\" data-id=\"48eaf4dd\" data-element_type=\"container\" data-e-type=\"container\">\n\t\t\t\t\t<div class=\"e-con-inner\">\n\t\t<div class=\"elementor-element elementor-element-6d1c9471 e-grid e-con-full e-con e-child\" data-id=\"6d1c9471\" data-element_type=\"container\" data-e-type=\"container\">\n\t\t\t\t\t    \t            <a\n            href=\"https:\/\/coopcasa.org\/es\/tus-ahorros\/\" target=\"_self\"\n            class=\"e-26c4bd4a-64cf296 e-button-base\"\n            data-interaction-id=\"26c4bd4a\"\n             \n        >\n            Atr\u00e1s: Tus ahorros\n        <\/a>\n    \t\t\t\t\t    \t            <a\n            href=\"https:\/\/coopcasa.org\/es\/ubicaciones-y-urgencia\/\" target=\"_self\"\n            class=\"e-48e6126c-ecd11fd e-button-base\"\n            data-interaction-id=\"48e6126c\"\n             \n        >\n            Siguiente: Ubicaciones y urgencia\n        <\/a>\n    \t\t\t\t<\/div>\n\t\t\t\t\t<\/div>\n\t\t\t\t<\/div>\n\t\t\t\t<\/div>\n\t\t","protected":false},"excerpt":{"rendered":"<p>Por qu\u00e9 Co-op Casa importa: Gran parte de la fuerza laboral de Tucson no puede permitirse vivir aqu\u00ed La brecha entre lo que ganan muchos trabajadores de Tucson y lo que cuesta la vivienda es amplia y creciente. Los profesores, enfermeros, conductores de autob\u00fas y trabajadores de la alimentaci\u00f3n que mantienen Tucson en funcionamiento suelen [&hellip;]<\/p>\n","protected":false},"author":1,"featured_media":0,"parent":0,"menu_order":0,"comment_status":"closed","ping_status":"closed","template":"elementor_header_footer","meta":{"footnotes":""},"folder":[],"class_list":["post-19298","page","type-page","status-publish","hentry"],"_links":{"self":[{"href":"https:\/\/coopcasa.org\/es\/wp-json\/wp\/v2\/pages\/19298","targetHints":{"allow":["GET"]}}],"collection":[{"href":"https:\/\/coopcasa.org\/es\/wp-json\/wp\/v2\/pages"}],"about":[{"href":"https:\/\/coopcasa.org\/es\/wp-json\/wp\/v2\/types\/page"}],"author":[{"embeddable":true,"href":"https:\/\/coopcasa.org\/es\/wp-json\/wp\/v2\/users\/1"}],"replies":[{"embeddable":true,"href":"https:\/\/coopcasa.org\/es\/wp-json\/wp\/v2\/comments?post=19298"}],"version-history":[{"count":2,"href":"https:\/\/coopcasa.org\/es\/wp-json\/wp\/v2\/pages\/19298\/revisions"}],"predecessor-version":[{"id":19401,"href":"https:\/\/coopcasa.org\/es\/wp-json\/wp\/v2\/pages\/19298\/revisions\/19401"}],"wp:attachment":[{"href":"https:\/\/coopcasa.org\/es\/wp-json\/wp\/v2\/media?parent=19298"}],"wp:term":[{"taxonomy":"folder","embeddable":true,"href":"https:\/\/coopcasa.org\/es\/wp-json\/wp\/v2\/folder?post=19298"}],"curies":[{"name":"wp","href":"https:\/\/api.w.org\/{rel}","templated":true}]}}