{"id":19312,"date":"2026-05-06T15:49:40","date_gmt":"2026-05-06T15:49:40","guid":{"rendered":"http:\/\/coopcasa.org\/tus-ahorros\/"},"modified":"2026-05-11T05:51:07","modified_gmt":"2026-05-11T05:51:07","slug":"tus-ahorros","status":"publish","type":"page","link":"https:\/\/coopcasa.org\/es\/tus-ahorros\/","title":{"rendered":"Tus Ahorros"},"content":{"rendered":"\t\t<div data-elementor-type=\"wp-page\" data-elementor-id=\"19312\" class=\"elementor elementor-19312 elementor-18616\">\n\t\t\t\t<div class=\"elementor-element elementor-element-4058fa5 e-flex e-con-boxed e-con e-parent\" data-id=\"4058fa5\" data-element_type=\"container\" data-e-type=\"container\" data-settings=\"{&quot;background_background&quot;:&quot;classic&quot;}\">\n\t\t\t\t\t<div class=\"e-con-inner\">\n\t\t\t\t\t\t\t<h2 \n\t\tdata-interaction-id=\"4120b13\" \n\t\tclass=\"e-4120b13-2391c73 e-heading-base\" \n\t\t \n\t\t\n\t>\n\t\n\t\t\t<strong id=\"e-mou8kdts-cvtm1tr\"><em id=\"e-mou8kdts-bn58psa\">Tus Ahorros<\/em><\/strong>\n\t\t<\/h2>\n\t\t\t\t\t<\/div>\n\t\t\t\t<\/div>\n\t\t<div class=\"elementor-element elementor-element-2827df2 e-con-full e-flex e-con e-parent\" data-id=\"2827df2\" data-element_type=\"container\" data-e-type=\"container\">\n\t\t<div class=\"elementor-element elementor-element-229ff82 e-con-full e-flex e-con e-child\" data-id=\"229ff82\" data-element_type=\"container\" data-e-type=\"container\">\n\t\t\t\t\t\t\t\n\t\t\t<img class=\"e-image-base e-0225ec1-85ad9a1\" \n\t\t\t\t\tdata-interaction-id=\"0225ec1\" \n\t\t \n\t\t \n\t\t\t\t\t\t\t\t\tid=\"19398\"\n\t\t\t\t\t\t\t\t\t\t\t\tsrc=\"https:\/\/coopcasa.org\/wp-content\/uploads\/2026\/05\/what_you_pay_ES.jpg\"\n\t\t\t\t\t\t\t\t\t\t\t\twidth=\"1600\"\n\t\t\t\t\t\t\t\t\t\t\t\theight=\"578\"\n\t\t\t\t\t\t\t\t\t\t\t\tsrcset=\"https:\/\/coopcasa.org\/wp-content\/uploads\/2026\/05\/what_you_pay_ES.jpg 1600w, https:\/\/coopcasa.org\/wp-content\/uploads\/2026\/05\/what_you_pay_ES-1536x555.jpg 1536w\"\n\t\t\t\t\t\t\t\t\t\t\t\talt=\"\"\n\t\t\t\t\t\t\/>\n\t\t\t\t\t\t\t\t\t<p class=\"e-f1acc90-46e6581 e-paragraph-base\" data-interaction-id=\"f1acc90\"  >\n\t\t\t\t\t\t\t\tUna cuota mensual de la cooperativa lo cubre todo, incluyendo servicios p\u00fablicos, internet, basura y mantenimiento. Los aumentos anuales son modestos: solo lo suficiente para cubrir los costes crecientes, no los beneficios de los promotores. Nuestras unidades son asequibles para una diversidad de niveles de ingresos, tama\u00f1os de familia y grupos de edad.\n\t\t\t\t\t<\/p>\n\t\t\t\t<\/div>\n\t\t<div class=\"elementor-element elementor-element-426e904 e-con-full e-flex e-con e-child\" data-id=\"426e904\" data-element_type=\"container\" data-e-type=\"container\">\n\t\t\t\t\t\t\t\n\t\t\t<img class=\"e-image-base e-e9fda96-55ccfc7\" \n\t\t\t\t\tdata-interaction-id=\"e9fda96\" \n\t\t \n\t\t \n\t\t\t\t\t\t\t\t\tid=\"19395\"\n\t\t\t\t\t\t\t\t\t\t\t\tsrc=\"https:\/\/coopcasa.org\/wp-content\/uploads\/2026\/05\/cheaper_than_renting_ES.jpg\"\n\t\t\t\t\t\t\t\t\t\t\t\twidth=\"1600\"\n\t\t\t\t\t\t\t\t\t\t\t\theight=\"563\"\n\t\t\t\t\t\t\t\t\t\t\t\tsrcset=\"https:\/\/coopcasa.org\/wp-content\/uploads\/2026\/05\/cheaper_than_renting_ES.jpg 1600w, https:\/\/coopcasa.org\/wp-content\/uploads\/2026\/05\/cheaper_than_renting_ES-1536x540.jpg 1536w\"\n\t\t\t\t\t\t\t\t\t\t\t\talt=\"\"\n\t\t\t\t\t\t\/>\n\t\t\t\t\t\t\t\t\t<p class=\"e-6feebbc-3df66de e-paragraph-base\" data-interaction-id=\"6feebbc\"  >\n\t\t\t\t\t\t\t\tUna parte de tu cuota mensual se deposita en una <strong>Cuenta de Patrimonio Personal<\/strong>, a tu nombre, tuya para conservar cuando te vayas. En comparaci\u00f3n con el alquiler en el mismo barrio, los ahorros y la creaci\u00f3n de patrimonio pueden superar los <strong>25.000 $ en cinco a\u00f1os.<\/strong> <em>Usa nuestra calculadora a continuaci\u00f3n para ver tus propios ahorros.<\/em>\n\t\t\t\t\t<\/p>\n\t\t\t\t<\/div>\n\t\t<div class=\"elementor-element elementor-element-fc08f80 e-con-full e-flex e-con e-child\" data-id=\"fc08f80\" data-element_type=\"container\" data-e-type=\"container\">\n\t\t\t\t\t\t\t\n\t\t\t<img class=\"e-image-base e-3d48baa-6853d1b\" \n\t\t\t\t\tdata-interaction-id=\"3d48baa\" \n\t\t \n\t\t \n\t\t\t\t\t\t\t\t\tid=\"19397\"\n\t\t\t\t\t\t\t\t\t\t\t\tsrc=\"https:\/\/coopcasa.org\/wp-content\/uploads\/2026\/05\/cheaper_than_buying_ES.jpg\"\n\t\t\t\t\t\t\t\t\t\t\t\twidth=\"1600\"\n\t\t\t\t\t\t\t\t\t\t\t\theight=\"558\"\n\t\t\t\t\t\t\t\t\t\t\t\tsrcset=\"https:\/\/coopcasa.org\/wp-content\/uploads\/2026\/05\/cheaper_than_buying_ES.jpg 1600w, https:\/\/coopcasa.org\/wp-content\/uploads\/2026\/05\/cheaper_than_buying_ES-1536x536.jpg 1536w\"\n\t\t\t\t\t\t\t\t\t\t\t\talt=\"\"\n\t\t\t\t\t\t\/>\n\t\t\t\t\t\t\t\t\t<p class=\"e-f7ff708-6bd3f0b e-paragraph-base\" data-interaction-id=\"f7ff708\"  >\n\t\t\t\t\t\t\t\tA menos que planees quedarte m\u00e1s de 15 a\u00f1os, Co-op Casa es una mejor opci\u00f3n financiera que comprar.<br><strong id=\"e-mot1g8d5-6k4yx9e\">Sin pago inicial<\/strong> ni costes de cierre.<br><strong id=\"e-mot1g8d5-mx6rqyc\">Sin exposici\u00f3n<\/strong> al riesgo de tipos de inter\u00e9s hipotecarios.<br><strong id=\"e-mot1g8d5-6mtygcb\">Sin costes de mantenimiento<\/strong>, lo que supone un ahorro medio de 3.000 $ al a\u00f1o.<br><strong id=\"e-mot1g8d5-pz8mpgz\">Sin comisiones de agente inmobiliario<\/strong> ni riesgo de sincronizaci\u00f3n del mercado cuando te vayas.<br>\n\t\t\t\t\t<\/p>\n\t\t\t\t<\/div>\n\t\t<div class=\"elementor-element elementor-element-2fdcac4 e-con-full e-flex e-con e-child\" data-id=\"2fdcac4\" data-element_type=\"container\" data-e-type=\"container\">\n\t\t\t\t\t\t\t\n\t\t\t<img class=\"e-image-base e-13832a4-0ffe684\" \n\t\t\t\t\tdata-interaction-id=\"13832a4\" \n\t\t \n\t\t \n\t\t\t\t\t\t\t\t\tid=\"19313\"\n\t\t\t\t\t\t\t\t\t\t\t\tsrc=\"https:\/\/coopcasa.org\/wp-content\/uploads\/2026\/05\/get_around_without_a_car_ES.jpg\"\n\t\t\t\t\t\t\t\t\t\t\t\twidth=\"1600\"\n\t\t\t\t\t\t\t\t\t\t\t\theight=\"558\"\n\t\t\t\t\t\t\t\t\t\t\t\tsrcset=\"https:\/\/coopcasa.org\/wp-content\/uploads\/2026\/05\/get_around_without_a_car_ES.jpg 1600w, https:\/\/coopcasa.org\/wp-content\/uploads\/2026\/05\/get_around_without_a_car_ES-1536x536.jpg 1536w\"\n\t\t\t\t\t\t\t\t\t\t\t\talt=\"\"\n\t\t\t\t\t\t\/>\n\t\t\t\t\t\t\t\t\t<p class=\"e-1570dc9-05551a4 e-paragraph-base\" data-interaction-id=\"1570dc9\"  >\n\t\t\t\t\t\t\t\tNuestros sitios se eligen por su proximidad a los lugares de trabajo, con casi 50.000 puestos de trabajo en nuestra \u00e1rea de servicio. Cerca del transporte p\u00fablico, carriles bici y tiendas, es posible vivir sin coche. Para los hogares que eligen este camino, los ahorros son reales: <strong>650-1.000 $ al mes<\/strong>, casi 100.000 $ en diez a\u00f1os.\n\t\t\t\t\t<\/p>\n\t\t\t\t<\/div>\n\t\t\t\t<\/div>\n\t\t\t\t<div class=\"elementor-element elementor-element-51d5e6d e-con e-atomic-element e-flexbox-base e-51d5e6d-ecc5770\" data-id=\"51d5e6d\" data-element_type=\"e-flexbox\" data-e-type=\"e-flexbox\" data-interaction-id=\"51d5e6d\">\n\t\t<div class=\"elementor-element elementor-element-2fce434 e-con-full e-flex e-con e-parent\" data-id=\"2fce434\" data-element_type=\"container\" data-e-type=\"container\" data-settings=\"{&quot;background_background&quot;:&quot;classic&quot;}\">\n\t\t\t\t\t\t\t\t<p class=\"e-048f902-f70aca4 e-paragraph-base\" data-interaction-id=\"048f902\"  >\n\t\t\t\t\t\t\t\t<em>\u00bfListo para ver tus ahorros espec\u00edficos? En comparaci\u00f3n con el alquiler en el mismo barrio, tu creaci\u00f3n de patrimonio podr\u00eda superar los 25.000 $ en cinco a\u00f1os.<br>Cada situaci\u00f3n financiera es \u00fanica. Usa nuestras herramientas interactivas para comparar tu alquiler actual con la creaci\u00f3n de patrimonio a largo plazo de Co-op Casa.<\/em>\n\t\t\t\t\t<\/p>\n\t\t\t\t\t    \t            <a\n            href=\"https:\/\/www.coopcasa.org\/calculator.html\" target=\"_blank\"\n            class=\"e-be593c4-1293c05 e-button-base\"\n            data-interaction-id=\"be593c4\"\n             \n        >\n            Haz clic aqu\u00ed para abrir la calculadora\n        <\/a>\n    \t\t\t\t<\/div>\n\t\t\t\t<\/div>\n\t\t<div class=\"elementor-element elementor-element-133652c e-grid e-con-boxed e-con e-parent\" data-id=\"133652c\" data-element_type=\"container\" data-e-type=\"container\">\n\t\t\t\t\t<div class=\"e-con-inner\">\n\t\t\t\t\t    \t            <a\n            href=\"https:\/\/coopcasa.org\/es\/\" target=\"_self\"\n            class=\"e-6edf3a0-8f8876b e-button-base\"\n            data-interaction-id=\"6edf3a0\"\n             \n        >\n            Atr\u00e1s: Grandes Lugares para Vivir\n        <\/a>\n    \t\t\t\t\t    \t            <a\n            href=\"https:\/\/coopcasa.org\/es\/el-modelo-de-cooperativa\/\" target=\"_self\"\n            class=\"e-154571d-f6b349b e-button-base\"\n            data-interaction-id=\"154571d\"\n             \n        >\n            Siguiente: El Modelo Cooperativo\n        <\/a>\n    \t\t\t\t\t<\/div>\n\t\t\t\t<\/div>\n\t\t\t\t<\/div>\n\t\t","protected":false},"excerpt":{"rendered":"<p>Tus Ahorros Una cuota mensual de la cooperativa lo cubre todo, incluyendo servicios p\u00fablicos, internet, basura y mantenimiento. Los aumentos anuales son modestos: solo lo suficiente para cubrir los costes crecientes, no los beneficios de los promotores. Nuestras unidades son asequibles para una diversidad de niveles de ingresos, tama\u00f1os de familia y grupos de edad. [&hellip;]<\/p>\n","protected":false},"author":1,"featured_media":0,"parent":0,"menu_order":0,"comment_status":"closed","ping_status":"closed","template":"elementor_header_footer","meta":{"footnotes":""},"folder":[],"class_list":["post-19312","page","type-page","status-publish","hentry"],"_links":{"self":[{"href":"https:\/\/coopcasa.org\/es\/wp-json\/wp\/v2\/pages\/19312","targetHints":{"allow":["GET"]}}],"collection":[{"href":"https:\/\/coopcasa.org\/es\/wp-json\/wp\/v2\/pages"}],"about":[{"href":"https:\/\/coopcasa.org\/es\/wp-json\/wp\/v2\/types\/page"}],"author":[{"embeddable":true,"href":"https:\/\/coopcasa.org\/es\/wp-json\/wp\/v2\/users\/1"}],"replies":[{"embeddable":true,"href":"https:\/\/coopcasa.org\/es\/wp-json\/wp\/v2\/comments?post=19312"}],"version-history":[{"count":4,"href":"https:\/\/coopcasa.org\/es\/wp-json\/wp\/v2\/pages\/19312\/revisions"}],"predecessor-version":[{"id":19396,"href":"https:\/\/coopcasa.org\/es\/wp-json\/wp\/v2\/pages\/19312\/revisions\/19396"}],"wp:attachment":[{"href":"https:\/\/coopcasa.org\/es\/wp-json\/wp\/v2\/media?parent=19312"}],"wp:term":[{"taxonomy":"folder","embeddable":true,"href":"https:\/\/coopcasa.org\/es\/wp-json\/wp\/v2\/folder?post=19312"}],"curies":[{"name":"wp","href":"https:\/\/api.w.org\/{rel}","templated":true}]}}